{"id":11,"date":"2020-03-30T16:29:39","date_gmt":"2020-03-30T16:29:39","guid":{"rendered":"https:\/\/dhmyapi.com\/?page_id=11"},"modified":"2020-03-30T20:07:19","modified_gmt":"2020-03-30T20:07:19","slug":"ana-sayfa","status":"publish","type":"page","link":"https:\/\/dhmyapi.com\/en\/","title":{"rendered":"Home Page"},"content":{"rendered":"<div class=\"col-md-5\">\n<h3>About Us<\/h3>\n<p>DHM Cons Engineering. LLC. In 2002, Antalya was founded by HASAN ULUTA\u015e (Istanbul Technical University-  Construction. Eng.) And MUSTAFA ULUTA\u015e (BO\u011eAZ\u0130\u00c7\u0130 Univ. International trade.) Antalya. Our company, which has been providing various construction projects, commitment and consultancy since its foundation, has carried out regional and international construction activities. In Antalya, construction, factory, hotel renovation and residential construction projects have been created. Our company, which has been doing various renovation projects in Russia, has started to provide consultancy services in the real estate sector after 2012. Since 2014, it has been exporting construction-based materials to various world markets, especially Russia. In 2017, our company started to provide real estate assessment consultancy and increased its service branches.<\/p>\n<\/div>\n<div class=\"col-md-6 col-md-offset-1\"><img loading=\"lazy\" decoding=\"async\" src=\"https:\/\/dhmyapi.com\/wp-content\/uploads\/2020\/03\/bina-300x180.jpg\" alt=\"\" width=\"252\" height=\"151\" class=\"wp-image-44 alignleft\" srcset=\"https:\/\/dhmyapi.com\/wp-content\/uploads\/2020\/03\/bina-300x180.jpg 300w, https:\/\/dhmyapi.com\/wp-content\/uploads\/2020\/03\/bina-1024x614.jpg 1024w, https:\/\/dhmyapi.com\/wp-content\/uploads\/2020\/03\/bina-768x461.jpg 768w, https:\/\/dhmyapi.com\/wp-content\/uploads\/2020\/03\/bina-1536x922.jpg 1536w, https:\/\/dhmyapi.com\/wp-content\/uploads\/2020\/03\/bina.jpg 2000w\" sizes=\"(max-width: 252px) 100vw, 252px\" \/><img loading=\"lazy\" decoding=\"async\" src=\"https:\/\/dhmyapi.com\/wp-content\/uploads\/2020\/03\/7-300x199.jpg\" alt=\"\" width=\"273\" height=\"181\" class=\"wp-image-46 alignnone\" srcset=\"https:\/\/dhmyapi.com\/wp-content\/uploads\/2020\/03\/7-300x199.jpg 300w, https:\/\/dhmyapi.com\/wp-content\/uploads\/2020\/03\/7.jpg 320w\" sizes=\"(max-width: 273px) 100vw, 273px\" \/><\/div>","protected":false},"excerpt":{"rendered":"<p>Hakk\u0131m\u0131zda DHM YAPI M\u00dcH. LTD.\u015eT\u0130. 2002 y\u0131l\u0131nda HASAN ULUTA\u015e (\u0130T\u00dc in\u015f. M\u00fch.) ve MUSTAFA ULUTA\u015e ( BO\u011eAZ\u0130\u00c7\u0130 \u00dcniv. Uluslararas\u0131 tic.) taraf\u0131ndan Antalya kuruldu. Kurulu\u015f tarihinden itibaren \u00e7e\u015fitli in\u015faat projeleri, taahh\u00fct ve m\u00fc\u015favirlik veren firmam\u0131z, b\u00f6lgesel ve uluslararas\u0131 in\u015faat faaliyetleri yapm\u0131\u015ft\u0131r. Antalya da m\u00fctaahitlik, fabrika , otel tadilat ve konut in\u015faat [&hellip;]<\/p>","protected":false},"author":1,"featured_media":0,"parent":0,"menu_order":0,"comment_status":"closed","ping_status":"closed","template":"","meta":{"footnotes":""},"_links":{"self":[{"href":"https:\/\/dhmyapi.com\/en\/wp-json\/wp\/v2\/pages\/11"}],"collection":[{"href":"https:\/\/dhmyapi.com\/en\/wp-json\/wp\/v2\/pages"}],"about":[{"href":"https:\/\/dhmyapi.com\/en\/wp-json\/wp\/v2\/types\/page"}],"author":[{"embeddable":true,"href":"https:\/\/dhmyapi.com\/en\/wp-json\/wp\/v2\/users\/1"}],"replies":[{"embeddable":true,"href":"https:\/\/dhmyapi.com\/en\/wp-json\/wp\/v2\/comments?post=11"}],"version-history":[{"count":4,"href":"https:\/\/dhmyapi.com\/en\/wp-json\/wp\/v2\/pages\/11\/revisions"}],"predecessor-version":[{"id":48,"href":"https:\/\/dhmyapi.com\/en\/wp-json\/wp\/v2\/pages\/11\/revisions\/48"}],"wp:attachment":[{"href":"https:\/\/dhmyapi.com\/en\/wp-json\/wp\/v2\/media?parent=11"}],"curies":[{"name":"wp","href":"https:\/\/api.w.org\/{rel}","templated":true}]}}